{"id":3089,"date":"2023-09-18T17:26:51","date_gmt":"2023-09-18T17:26:51","guid":{"rendered":"https:\/\/www.losilusosfilms.com\/?page_id=3089"},"modified":"2025-05-21T15:41:32","modified_gmt":"2025-05-21T15:41:32","slug":"3089-2","status":"publish","type":"page","link":"https:\/\/www.losilusosfilms.com\/fr\/3089-2\/","title":{"rendered":""},"content":{"rendered":"<p>JON\u00c1S TRUEBA (Madrid, 1981) est l&rsquo;auteur des films Todas las canciones hablan de m\u00ed (2010), pour lequel il a \u00e9t\u00e9 nomin\u00e9 au Goya du meilleur nouveau r\u00e9alisateur ; Miniaturas (2011), un moyen-m\u00e9trage qui fait le pont entre son premier film et le second, Los ilusos (2013), prix du meilleur r\u00e9alisateur et du meilleur film au Festival Cinespa\u00f1a de Toulouse ; suivis par Los exiliados rom\u00e1nticos (2015), prix sp\u00e9cial du jury au Festival de M\u00e1laga et prix Jules Verne du meilleur film au Festival du cin\u00e9ma espagnol de Nantes ; La reconquista (2016), pour lequel il a obtenu le Prix Ojo Cr\u00edtico de Cine 2016 et le prix de la meilleure r\u00e9alisation et du meilleur film au Festival Cinespa\u00f1a de Toulouse ; La virgen de agosto (2019) nomin\u00e9 aux C\u00e9sar dans la cat\u00e9gorie Meilleur film \u00e9tranger, et prix Fipresci de la Critique Internationale au Festival international de Karlovy Vary ; Qui\u00e9n lo impide (2021), prix Goya du meilleur film documentaire 2022, prix Fipresci de la Critique internationale au Festival International de San Sebasti\u00e1n ; Ten\u00e9is que venir a verla (2022), prix sp\u00e9cial du jury au Festival international de Karlovy Vary, et Meilleur r\u00e9alisateur au Festival Cinespa\u00f1a de Toulouse ; et Volver\u00e9is (2024), qui a \u00e9t\u00e9 pr\u00e9sent\u00e9 en avant-premi\u00e8re \u00e0 la Quinzaine des Cin\u00e9astes du Festival de Cannes et a obtenu le prix Europa Cinema Label du meilleur film europ\u00e9en.<br \/>\nIl a \u00e9galement \u00e9t\u00e9 co-sc\u00e9nariste des films M\u00e1s pena que Gloria (2000), Vete de m\u00ed (2005), tous deux r\u00e9alis\u00e9s par V\u00edctor Garc\u00eda Le\u00f3n, et El baile de la Victoria (2009), r\u00e9alis\u00e9 par Fernando Trueba. Il est l&rsquo;auteur des livres Las ilusiones (\u00e9d. Perif\u00e9rica, 2013) et El viento sopla donde quiere (\u00e9d. Athenaica, 2025) et a \u00e9crit sur le cin\u00e9ma dans divers m\u00e9dias. Il donne des cours et des ateliers dans diff\u00e9rentes \u00e9coles de cin\u00e9ma, et fait partie depuis 2013 de l&rsquo;\u00e9quipe de Cine en curso, un projet de p\u00e9dagogie du cin\u00e9ma et avec le cin\u00e9ma dans les centres \u00e9ducatifs. Il a travaill\u00e9 pour la maison d&rsquo;\u00e9dition Plot Ediciones et a \u00e9galement \u00e9t\u00e9 \u00e9diteur invit\u00e9 du label Caballo de Troya en 2021 et 2022.<br \/>\nIl est le fondateur, avec Javier Lafuente, de Los ilusos films S.L., une soci\u00e9t\u00e9 de production avec laquelle il a r\u00e9alis\u00e9 tous ses films, et avec laquelle il a produit Las chicas est\u00e1n bien (2023) d&rsquo;Itsaso Arana, et El buen valle de Jos\u00e9 Luis Guerin, en attente de sortie.<\/p>\n","protected":false},"excerpt":{"rendered":"<p>JON\u00c1S TRUEBA (Madrid, 1981) est l&rsquo;auteur des films Todas las canciones hablan de m\u00ed (2010), pour lequel il a \u00e9t\u00e9 nomin\u00e9 au Goya du meilleur nouveau r\u00e9alisateur ; Miniaturas (2011), un moyen-m\u00e9trage qui fait le pont entre son premier film et le second, Los ilusos (2013), prix du meilleur r\u00e9alisateur et du meilleur film au [&hellip;]<\/p>\n","protected":false},"author":2,"featured_media":0,"parent":0,"menu_order":0,"comment_status":"closed","ping_status":"closed","template":"page-bio.php","meta":{"_acf_changed":false,"inline_featured_image":false,"footnotes":""},"class_list":["post-3089","page","type-page","status-publish","hentry"],"acf":[],"yoast_head":"<!-- This site is optimized with the Yoast SEO plugin v27.3 - https:\/\/yoast.com\/product\/yoast-seo-wordpress\/ -->\n<title>- Ilusos Films<\/title>\n<meta name=\"robots\" content=\"index, follow, max-snippet:-1, max-image-preview:large, max-video-preview:-1\" \/>\n<link rel=\"canonical\" href=\"http:\/\/www.losilusosfilms.com\/fr\/3089-2\/\" \/>\n<meta property=\"og:locale\" content=\"fr_FR\" \/>\n<meta property=\"og:type\" content=\"article\" \/>\n<meta property=\"og:title\" content=\"- Ilusos Films\" \/>\n<meta property=\"og:description\" content=\"JON\u00c1S TRUEBA (Madrid, 1981) est l&rsquo;auteur des films Todas las canciones hablan de m\u00ed (2010), pour lequel il a \u00e9t\u00e9 nomin\u00e9 au Goya du meilleur nouveau r\u00e9alisateur ; Miniaturas (2011), un moyen-m\u00e9trage qui fait le pont entre son premier film et le second, Los ilusos (2013), prix du meilleur r\u00e9alisateur et du meilleur film au [&hellip;]\" \/>\n<meta property=\"og:url\" content=\"http:\/\/www.losilusosfilms.com\/fr\/3089-2\/\" \/>\n<meta property=\"og:site_name\" content=\"Ilusos Films\" \/>\n<meta property=\"article:publisher\" content=\"https:\/\/www.facebook.com\/Losilusos\/\" \/>\n<meta property=\"article:modified_time\" content=\"2025-05-21T15:41:32+00:00\" \/>\n<meta name=\"twitter:card\" content=\"summary_large_image\" \/>\n<meta name=\"twitter:site\" content=\"@losilusosfilms\" \/>\n<meta name=\"twitter:label1\" content=\"Dur\u00e9e de lecture estim\u00e9e\" \/>\n\t<meta name=\"twitter:data1\" content=\"2 minutes\" \/>\n<script type=\"application\/ld+json\" class=\"yoast-schema-graph\">{\"@context\":\"https:\\\/\\\/schema.org\",\"@graph\":[{\"@type\":\"WebPage\",\"@id\":\"http:\\\/\\\/www.losilusosfilms.com\\\/fr\\\/3089-2\\\/\",\"url\":\"http:\\\/\\\/www.losilusosfilms.com\\\/fr\\\/3089-2\\\/\",\"name\":\"- Ilusos Films\",\"isPartOf\":{\"@id\":\"https:\\\/\\\/www.losilusosfilms.com\\\/#website\"},\"datePublished\":\"2023-09-18T17:26:51+00:00\",\"dateModified\":\"2025-05-21T15:41:32+00:00\",\"inLanguage\":\"fr-FR\",\"potentialAction\":[{\"@type\":\"ReadAction\",\"target\":[\"http:\\\/\\\/www.losilusosfilms.com\\\/fr\\\/3089-2\\\/\"]}]},{\"@type\":\"WebSite\",\"@id\":\"https:\\\/\\\/www.losilusosfilms.com\\\/#website\",\"url\":\"https:\\\/\\\/www.losilusosfilms.com\\\/\",\"name\":\"Los Ilusos Films\",\"description\":\"\",\"publisher\":{\"@id\":\"https:\\\/\\\/www.losilusosfilms.com\\\/#organization\"},\"potentialAction\":[{\"@type\":\"SearchAction\",\"target\":{\"@type\":\"EntryPoint\",\"urlTemplate\":\"https:\\\/\\\/www.losilusosfilms.com\\\/?s={search_term_string}\"},\"query-input\":{\"@type\":\"PropertyValueSpecification\",\"valueRequired\":true,\"valueName\":\"search_term_string\"}}],\"inLanguage\":\"fr-FR\"},{\"@type\":\"Organization\",\"@id\":\"https:\\\/\\\/www.losilusosfilms.com\\\/#organization\",\"name\":\"Los Ilusos Films\",\"url\":\"https:\\\/\\\/www.losilusosfilms.com\\\/\",\"logo\":{\"@type\":\"ImageObject\",\"inLanguage\":\"fr-FR\",\"@id\":\"https:\\\/\\\/www.losilusosfilms.com\\\/#\\\/schema\\\/logo\\\/image\\\/\",\"url\":\"https:\\\/\\\/www.losilusosfilms.com\\\/wp-content\\\/uploads\\\/2023\\\/07\\\/los-ilusos-films-footer-e1703070925921.png\",\"contentUrl\":\"https:\\\/\\\/www.losilusosfilms.com\\\/wp-content\\\/uploads\\\/2023\\\/07\\\/los-ilusos-films-footer-e1703070925921.png\",\"width\":300,\"height\":150,\"caption\":\"Los Ilusos Films\"},\"image\":{\"@id\":\"https:\\\/\\\/www.losilusosfilms.com\\\/#\\\/schema\\\/logo\\\/image\\\/\"},\"sameAs\":[\"https:\\\/\\\/www.facebook.com\\\/Losilusos\\\/\",\"https:\\\/\\\/x.com\\\/losilusosfilms\",\"https:\\\/\\\/www.instagram.com\\\/losilusosfilms\\\/\"]}]}<\/script>\n<!-- \/ Yoast SEO plugin. -->","yoast_head_json":{"title":"- Ilusos Films","robots":{"index":"index","follow":"follow","max-snippet":"max-snippet:-1","max-image-preview":"max-image-preview:large","max-video-preview":"max-video-preview:-1"},"canonical":"http:\/\/www.losilusosfilms.com\/fr\/3089-2\/","og_locale":"fr_FR","og_type":"article","og_title":"- Ilusos Films","og_description":"JON\u00c1S TRUEBA (Madrid, 1981) est l&rsquo;auteur des films Todas las canciones hablan de m\u00ed (2010), pour lequel il a \u00e9t\u00e9 nomin\u00e9 au Goya du meilleur nouveau r\u00e9alisateur ; Miniaturas (2011), un moyen-m\u00e9trage qui fait le pont entre son premier film et le second, Los ilusos (2013), prix du meilleur r\u00e9alisateur et du meilleur film au [&hellip;]","og_url":"http:\/\/www.losilusosfilms.com\/fr\/3089-2\/","og_site_name":"Ilusos Films","article_publisher":"https:\/\/www.facebook.com\/Losilusos\/","article_modified_time":"2025-05-21T15:41:32+00:00","twitter_card":"summary_large_image","twitter_site":"@losilusosfilms","twitter_misc":{"Dur\u00e9e de lecture estim\u00e9e":"2 minutes"},"schema":{"@context":"https:\/\/schema.org","@graph":[{"@type":"WebPage","@id":"http:\/\/www.losilusosfilms.com\/fr\/3089-2\/","url":"http:\/\/www.losilusosfilms.com\/fr\/3089-2\/","name":"- Ilusos Films","isPartOf":{"@id":"https:\/\/www.losilusosfilms.com\/#website"},"datePublished":"2023-09-18T17:26:51+00:00","dateModified":"2025-05-21T15:41:32+00:00","inLanguage":"fr-FR","potentialAction":[{"@type":"ReadAction","target":["http:\/\/www.losilusosfilms.com\/fr\/3089-2\/"]}]},{"@type":"WebSite","@id":"https:\/\/www.losilusosfilms.com\/#website","url":"https:\/\/www.losilusosfilms.com\/","name":"Los Ilusos Films","description":"","publisher":{"@id":"https:\/\/www.losilusosfilms.com\/#organization"},"potentialAction":[{"@type":"SearchAction","target":{"@type":"EntryPoint","urlTemplate":"https:\/\/www.losilusosfilms.com\/?s={search_term_string}"},"query-input":{"@type":"PropertyValueSpecification","valueRequired":true,"valueName":"search_term_string"}}],"inLanguage":"fr-FR"},{"@type":"Organization","@id":"https:\/\/www.losilusosfilms.com\/#organization","name":"Los Ilusos Films","url":"https:\/\/www.losilusosfilms.com\/","logo":{"@type":"ImageObject","inLanguage":"fr-FR","@id":"https:\/\/www.losilusosfilms.com\/#\/schema\/logo\/image\/","url":"https:\/\/www.losilusosfilms.com\/wp-content\/uploads\/2023\/07\/los-ilusos-films-footer-e1703070925921.png","contentUrl":"https:\/\/www.losilusosfilms.com\/wp-content\/uploads\/2023\/07\/los-ilusos-films-footer-e1703070925921.png","width":300,"height":150,"caption":"Los Ilusos Films"},"image":{"@id":"https:\/\/www.losilusosfilms.com\/#\/schema\/logo\/image\/"},"sameAs":["https:\/\/www.facebook.com\/Losilusos\/","https:\/\/x.com\/losilusosfilms","https:\/\/www.instagram.com\/losilusosfilms\/"]}]}},"_links":{"self":[{"href":"https:\/\/www.losilusosfilms.com\/fr\/wp-json\/wp\/v2\/pages\/3089","targetHints":{"allow":["GET"]}}],"collection":[{"href":"https:\/\/www.losilusosfilms.com\/fr\/wp-json\/wp\/v2\/pages"}],"about":[{"href":"https:\/\/www.losilusosfilms.com\/fr\/wp-json\/wp\/v2\/types\/page"}],"author":[{"embeddable":true,"href":"https:\/\/www.losilusosfilms.com\/fr\/wp-json\/wp\/v2\/users\/2"}],"replies":[{"embeddable":true,"href":"https:\/\/www.losilusosfilms.com\/fr\/wp-json\/wp\/v2\/comments?post=3089"}],"version-history":[{"count":4,"href":"https:\/\/www.losilusosfilms.com\/fr\/wp-json\/wp\/v2\/pages\/3089\/revisions"}],"predecessor-version":[{"id":3097,"href":"https:\/\/www.losilusosfilms.com\/fr\/wp-json\/wp\/v2\/pages\/3089\/revisions\/3097"}],"wp:attachment":[{"href":"https:\/\/www.losilusosfilms.com\/fr\/wp-json\/wp\/v2\/media?parent=3089"}],"curies":[{"name":"wp","href":"https:\/\/api.w.org\/{rel}","templated":true}]}}