{"id":1738,"date":"2023-08-04T15:30:04","date_gmt":"2023-08-04T15:30:04","guid":{"rendered":"http:\/\/www.losilusosfilms.com\/?post_type=product&#038;p=1738"},"modified":"2026-04-03T19:07:06","modified_gmt":"2026-04-03T19:07:06","slug":"fine-art-print-los-exiliados-romanticos","status":"publish","type":"product","link":"http:\/\/www.losilusosfilms.com\/fr\/producto\/fine-art-print-los-exiliados-romanticos\/","title":{"rendered":"Fine Art Print &#8211; Los exiliados rom\u00e1nticos"},"content":{"rendered":"<p>Ediciones bajo pedido en papeles Fine Art con tintas Epson UltraChrome HDX, con la garant\u00eda de durabilidad de hasta 100 a\u00f1os, dependiendo de las condiciones de exposici\u00f3n, probada por los institutos independientes Wilhelm y LNE.<\/p>\n<p>&nbsp;<\/p>\n<p><strong>* Nota del tipo de papel<\/strong><\/p>\n<p><strong>Epson Watercolor Radiant White 190 gms. <\/strong><a href=\"http:\/\/www.losilusosfilms.com\/wp-content\/uploads\/2023\/08\/Watercolor_web.jpg\" data-fancybox=\"\">Ver papel<\/a><br \/>\nPapel homologado Digigraphie \u00a9<br \/>\nBase blanca natural.<br \/>\nSuperficie texturizada mate. (96 % de opacidad)<br \/>\nSu superficie blanca radiante ofrece posibilidades de trabajo con detalle fotogr\u00e1fico y muy buena saturaci\u00f3n. Su ligera textura tambi\u00e9n da la posibilidad de reproducir trabajos art\u00edsticos en acuarela, \u00f3leo y acr\u00edlico. Peso de 190 gms.<br \/>\nEl revestimiento ofrece un buen nivel de resistencia al agua.<br \/>\nImpreso con tintas UltraChrome HDX resultan copias de una alt\u00edsima permanencia y estabilidad.<\/p>\n<p><strong>Hahnem\u00fchle Matt Fibre 200 gms. <\/strong><a href=\"http:\/\/www.losilusosfilms.com\/wp-content\/uploads\/2023\/08\/hahmattfibre_4_web.jpg\" data-fancybox=\"\">Ver papel<\/a><br \/>\nBase c\u00e1lida.<br \/>\nSuperficie lisa mate. (90 % de opacidad aprox.) Libre de \u00e1cido.<br \/>\nSu superficie lisa ofrece posibilidades de trabajo con detalle fotogr\u00e1fico y muy buena saturaci\u00f3n y densidad m\u00e1xima, Tambi\u00e9n da la posibilidad de reproducir trabajos art\u00edsticos en acuarela, \u00f3leo y acr\u00edlico.<br \/>\nEl revestimiento ofrece un buen nivel de resistencia al agua.<br \/>\nImpreso con tintas UltraChrome HDX resultan copias de una alta permanencia y estabilidad.<\/p>\n","protected":false},"excerpt":{"rendered":"<p>Cartel oficial de <strong><em>Los exiliados rom\u00e1nticos<\/em><\/strong>.<br \/>\nDise\u00f1ado por Clara Le\u00f3n.<\/p>\n","protected":false},"featured_media":1359,"comment_status":"closed","ping_status":"closed","template":"","meta":{"_acf_changed":false,"inline_featured_image":false},"product_brand":[],"product_cat":[57],"product_tag":[],"class_list":{"0":"post-1738","1":"product","2":"type-product","3":"status-publish","4":"has-post-thumbnail","6":"product_cat-carteles","8":"first","9":"instock","10":"taxable","11":"shipping-taxable","12":"purchasable","13":"product-type-variable"},"acf":[],"yoast_head":"<!-- This site is optimized with the Yoast SEO plugin v27.3 - https:\/\/yoast.com\/product\/yoast-seo-wordpress\/ -->\n<title>Fine Art Print - Los exiliados rom\u00e1nticos - Ilusos Films<\/title>\n<meta name=\"robots\" content=\"index, follow, max-snippet:-1, max-image-preview:large, max-video-preview:-1\" \/>\n<link rel=\"canonical\" href=\"https:\/\/www.losilusosfilms.com\/fr\/producto\/fine-art-print-los-exiliados-romanticos\/\" \/>\n<meta property=\"og:locale\" content=\"fr_FR\" \/>\n<meta property=\"og:type\" content=\"article\" \/>\n<meta property=\"og:title\" content=\"Fine Art Print - Los exiliados rom\u00e1nticos - Ilusos Films\" \/>\n<meta property=\"og:description\" content=\"Cartel oficial de Los exiliados rom\u00e1nticos. Dise\u00f1ado por Clara Le\u00f3n.\" \/>\n<meta property=\"og:url\" content=\"https:\/\/www.losilusosfilms.com\/fr\/producto\/fine-art-print-los-exiliados-romanticos\/\" \/>\n<meta property=\"og:site_name\" content=\"Ilusos Films\" \/>\n<meta property=\"article:publisher\" content=\"https:\/\/www.facebook.com\/Losilusos\/\" \/>\n<meta property=\"article:modified_time\" content=\"2026-04-03T19:07:06+00:00\" \/>\n<meta property=\"og:image\" content=\"https:\/\/www.losilusosfilms.com\/wp-content\/uploads\/2022\/11\/LER_cartel_web.jpg\" \/>\n\t<meta property=\"og:image:width\" content=\"800\" \/>\n\t<meta property=\"og:image:height\" content=\"1143\" \/>\n\t<meta property=\"og:image:type\" content=\"image\/jpeg\" \/>\n<meta name=\"twitter:card\" content=\"summary_large_image\" \/>\n<meta name=\"twitter:site\" content=\"@losilusosfilms\" \/>\n<meta name=\"twitter:label1\" content=\"Dur\u00e9e de lecture estim\u00e9e\" \/>\n\t<meta name=\"twitter:data1\" content=\"2 minutes\" \/>\n<script type=\"application\/ld+json\" class=\"yoast-schema-graph\">{\"@context\":\"https:\\\/\\\/schema.org\",\"@graph\":[{\"@type\":\"WebPage\",\"@id\":\"https:\\\/\\\/www.losilusosfilms.com\\\/fr\\\/producto\\\/fine-art-print-los-exiliados-romanticos\\\/\",\"url\":\"https:\\\/\\\/www.losilusosfilms.com\\\/fr\\\/producto\\\/fine-art-print-los-exiliados-romanticos\\\/\",\"name\":\"Fine Art Print - Los exiliados rom\u00e1nticos - Ilusos Films\",\"isPartOf\":{\"@id\":\"http:\\\/\\\/www.losilusosfilms.com\\\/en\\\/#website\"},\"primaryImageOfPage\":{\"@id\":\"https:\\\/\\\/www.losilusosfilms.com\\\/fr\\\/producto\\\/fine-art-print-los-exiliados-romanticos\\\/#primaryimage\"},\"image\":{\"@id\":\"https:\\\/\\\/www.losilusosfilms.com\\\/fr\\\/producto\\\/fine-art-print-los-exiliados-romanticos\\\/#primaryimage\"},\"thumbnailUrl\":\"http:\\\/\\\/www.losilusosfilms.com\\\/wp-content\\\/uploads\\\/2022\\\/11\\\/LER_cartel_web.jpg\",\"datePublished\":\"2023-08-04T15:30:04+00:00\",\"dateModified\":\"2026-04-03T19:07:06+00:00\",\"breadcrumb\":{\"@id\":\"https:\\\/\\\/www.losilusosfilms.com\\\/fr\\\/producto\\\/fine-art-print-los-exiliados-romanticos\\\/#breadcrumb\"},\"inLanguage\":\"fr-FR\",\"potentialAction\":[{\"@type\":\"ReadAction\",\"target\":[\"https:\\\/\\\/www.losilusosfilms.com\\\/fr\\\/producto\\\/fine-art-print-los-exiliados-romanticos\\\/\"]}]},{\"@type\":\"ImageObject\",\"inLanguage\":\"fr-FR\",\"@id\":\"https:\\\/\\\/www.losilusosfilms.com\\\/fr\\\/producto\\\/fine-art-print-los-exiliados-romanticos\\\/#primaryimage\",\"url\":\"http:\\\/\\\/www.losilusosfilms.com\\\/wp-content\\\/uploads\\\/2022\\\/11\\\/LER_cartel_web.jpg\",\"contentUrl\":\"http:\\\/\\\/www.losilusosfilms.com\\\/wp-content\\\/uploads\\\/2022\\\/11\\\/LER_cartel_web.jpg\",\"width\":800,\"height\":1143},{\"@type\":\"BreadcrumbList\",\"@id\":\"https:\\\/\\\/www.losilusosfilms.com\\\/fr\\\/producto\\\/fine-art-print-los-exiliados-romanticos\\\/#breadcrumb\",\"itemListElement\":[{\"@type\":\"ListItem\",\"position\":1,\"name\":\"Portada\",\"item\":\"http:\\\/\\\/www.losilusosfilms.com\\\/fr\\\/\"},{\"@type\":\"ListItem\",\"position\":2,\"name\":\"Boutique\",\"item\":\"http:\\\/\\\/www.losilusosfilms.com\\\/fr\\\/boutique\\\/\"},{\"@type\":\"ListItem\",\"position\":3,\"name\":\"Fine Art Print &#8211; Los exiliados rom\u00e1nticos\"}]},{\"@type\":\"WebSite\",\"@id\":\"http:\\\/\\\/www.losilusosfilms.com\\\/en\\\/#website\",\"url\":\"http:\\\/\\\/www.losilusosfilms.com\\\/en\\\/\",\"name\":\"Los Ilusos Films\",\"description\":\"\",\"publisher\":{\"@id\":\"http:\\\/\\\/www.losilusosfilms.com\\\/en\\\/#organization\"},\"potentialAction\":[{\"@type\":\"SearchAction\",\"target\":{\"@type\":\"EntryPoint\",\"urlTemplate\":\"http:\\\/\\\/www.losilusosfilms.com\\\/en\\\/?s={search_term_string}\"},\"query-input\":{\"@type\":\"PropertyValueSpecification\",\"valueRequired\":true,\"valueName\":\"search_term_string\"}}],\"inLanguage\":\"fr-FR\"},{\"@type\":\"Organization\",\"@id\":\"http:\\\/\\\/www.losilusosfilms.com\\\/en\\\/#organization\",\"name\":\"Los Ilusos Films\",\"url\":\"http:\\\/\\\/www.losilusosfilms.com\\\/en\\\/\",\"logo\":{\"@type\":\"ImageObject\",\"inLanguage\":\"fr-FR\",\"@id\":\"http:\\\/\\\/www.losilusosfilms.com\\\/en\\\/#\\\/schema\\\/logo\\\/image\\\/\",\"url\":\"https:\\\/\\\/www.losilusosfilms.com\\\/wp-content\\\/uploads\\\/2023\\\/07\\\/los-ilusos-films-footer-e1703070925921.png\",\"contentUrl\":\"https:\\\/\\\/www.losilusosfilms.com\\\/wp-content\\\/uploads\\\/2023\\\/07\\\/los-ilusos-films-footer-e1703070925921.png\",\"width\":300,\"height\":150,\"caption\":\"Los Ilusos Films\"},\"image\":{\"@id\":\"http:\\\/\\\/www.losilusosfilms.com\\\/en\\\/#\\\/schema\\\/logo\\\/image\\\/\"},\"sameAs\":[\"https:\\\/\\\/www.facebook.com\\\/Losilusos\\\/\",\"https:\\\/\\\/x.com\\\/losilusosfilms\",\"https:\\\/\\\/www.instagram.com\\\/losilusosfilms\\\/\"]}]}<\/script>\n<!-- \/ Yoast SEO plugin. -->","yoast_head_json":{"title":"Fine Art Print - Los exiliados rom\u00e1nticos - Ilusos Films","robots":{"index":"index","follow":"follow","max-snippet":"max-snippet:-1","max-image-preview":"max-image-preview:large","max-video-preview":"max-video-preview:-1"},"canonical":"https:\/\/www.losilusosfilms.com\/fr\/producto\/fine-art-print-los-exiliados-romanticos\/","og_locale":"fr_FR","og_type":"article","og_title":"Fine Art Print - Los exiliados rom\u00e1nticos - Ilusos Films","og_description":"Cartel oficial de Los exiliados rom\u00e1nticos. Dise\u00f1ado por Clara Le\u00f3n.","og_url":"https:\/\/www.losilusosfilms.com\/fr\/producto\/fine-art-print-los-exiliados-romanticos\/","og_site_name":"Ilusos Films","article_publisher":"https:\/\/www.facebook.com\/Losilusos\/","article_modified_time":"2026-04-03T19:07:06+00:00","og_image":[{"width":800,"height":1143,"url":"https:\/\/www.losilusosfilms.com\/wp-content\/uploads\/2022\/11\/LER_cartel_web.jpg","type":"image\/jpeg"}],"twitter_card":"summary_large_image","twitter_site":"@losilusosfilms","twitter_misc":{"Dur\u00e9e de lecture estim\u00e9e":"2 minutes"},"schema":{"@context":"https:\/\/schema.org","@graph":[{"@type":"WebPage","@id":"https:\/\/www.losilusosfilms.com\/fr\/producto\/fine-art-print-los-exiliados-romanticos\/","url":"https:\/\/www.losilusosfilms.com\/fr\/producto\/fine-art-print-los-exiliados-romanticos\/","name":"Fine Art Print - Los exiliados rom\u00e1nticos - Ilusos Films","isPartOf":{"@id":"http:\/\/www.losilusosfilms.com\/en\/#website"},"primaryImageOfPage":{"@id":"https:\/\/www.losilusosfilms.com\/fr\/producto\/fine-art-print-los-exiliados-romanticos\/#primaryimage"},"image":{"@id":"https:\/\/www.losilusosfilms.com\/fr\/producto\/fine-art-print-los-exiliados-romanticos\/#primaryimage"},"thumbnailUrl":"http:\/\/www.losilusosfilms.com\/wp-content\/uploads\/2022\/11\/LER_cartel_web.jpg","datePublished":"2023-08-04T15:30:04+00:00","dateModified":"2026-04-03T19:07:06+00:00","breadcrumb":{"@id":"https:\/\/www.losilusosfilms.com\/fr\/producto\/fine-art-print-los-exiliados-romanticos\/#breadcrumb"},"inLanguage":"fr-FR","potentialAction":[{"@type":"ReadAction","target":["https:\/\/www.losilusosfilms.com\/fr\/producto\/fine-art-print-los-exiliados-romanticos\/"]}]},{"@type":"ImageObject","inLanguage":"fr-FR","@id":"https:\/\/www.losilusosfilms.com\/fr\/producto\/fine-art-print-los-exiliados-romanticos\/#primaryimage","url":"http:\/\/www.losilusosfilms.com\/wp-content\/uploads\/2022\/11\/LER_cartel_web.jpg","contentUrl":"http:\/\/www.losilusosfilms.com\/wp-content\/uploads\/2022\/11\/LER_cartel_web.jpg","width":800,"height":1143},{"@type":"BreadcrumbList","@id":"https:\/\/www.losilusosfilms.com\/fr\/producto\/fine-art-print-los-exiliados-romanticos\/#breadcrumb","itemListElement":[{"@type":"ListItem","position":1,"name":"Portada","item":"http:\/\/www.losilusosfilms.com\/fr\/"},{"@type":"ListItem","position":2,"name":"Boutique","item":"http:\/\/www.losilusosfilms.com\/fr\/boutique\/"},{"@type":"ListItem","position":3,"name":"Fine Art Print &#8211; Los exiliados rom\u00e1nticos"}]},{"@type":"WebSite","@id":"http:\/\/www.losilusosfilms.com\/en\/#website","url":"http:\/\/www.losilusosfilms.com\/en\/","name":"Los Ilusos Films","description":"","publisher":{"@id":"http:\/\/www.losilusosfilms.com\/en\/#organization"},"potentialAction":[{"@type":"SearchAction","target":{"@type":"EntryPoint","urlTemplate":"http:\/\/www.losilusosfilms.com\/en\/?s={search_term_string}"},"query-input":{"@type":"PropertyValueSpecification","valueRequired":true,"valueName":"search_term_string"}}],"inLanguage":"fr-FR"},{"@type":"Organization","@id":"http:\/\/www.losilusosfilms.com\/en\/#organization","name":"Los Ilusos Films","url":"http:\/\/www.losilusosfilms.com\/en\/","logo":{"@type":"ImageObject","inLanguage":"fr-FR","@id":"http:\/\/www.losilusosfilms.com\/en\/#\/schema\/logo\/image\/","url":"https:\/\/www.losilusosfilms.com\/wp-content\/uploads\/2023\/07\/los-ilusos-films-footer-e1703070925921.png","contentUrl":"https:\/\/www.losilusosfilms.com\/wp-content\/uploads\/2023\/07\/los-ilusos-films-footer-e1703070925921.png","width":300,"height":150,"caption":"Los Ilusos Films"},"image":{"@id":"http:\/\/www.losilusosfilms.com\/en\/#\/schema\/logo\/image\/"},"sameAs":["https:\/\/www.facebook.com\/Losilusos\/","https:\/\/x.com\/losilusosfilms","https:\/\/www.instagram.com\/losilusosfilms\/"]}]}},"_links":{"self":[{"href":"http:\/\/www.losilusosfilms.com\/fr\/wp-json\/wp\/v2\/product\/1738","targetHints":{"allow":["GET"]}}],"collection":[{"href":"http:\/\/www.losilusosfilms.com\/fr\/wp-json\/wp\/v2\/product"}],"about":[{"href":"http:\/\/www.losilusosfilms.com\/fr\/wp-json\/wp\/v2\/types\/product"}],"replies":[{"embeddable":true,"href":"http:\/\/www.losilusosfilms.com\/fr\/wp-json\/wp\/v2\/comments?post=1738"}],"wp:featuredmedia":[{"embeddable":true,"href":"http:\/\/www.losilusosfilms.com\/fr\/wp-json\/wp\/v2\/media\/1359"}],"wp:attachment":[{"href":"http:\/\/www.losilusosfilms.com\/fr\/wp-json\/wp\/v2\/media?parent=1738"}],"wp:term":[{"taxonomy":"product_brand","embeddable":true,"href":"http:\/\/www.losilusosfilms.com\/fr\/wp-json\/wp\/v2\/product_brand?post=1738"},{"taxonomy":"product_cat","embeddable":true,"href":"http:\/\/www.losilusosfilms.com\/fr\/wp-json\/wp\/v2\/product_cat?post=1738"},{"taxonomy":"product_tag","embeddable":true,"href":"http:\/\/www.losilusosfilms.com\/fr\/wp-json\/wp\/v2\/product_tag?post=1738"}],"curies":[{"name":"wp","href":"https:\/\/api.w.org\/{rel}","templated":true}]}}