{"id":1008,"date":"2023-07-19T09:37:47","date_gmt":"2023-07-19T09:37:47","guid":{"rendered":"http:\/\/www.losilusosfilms.com\/?post_type=product&#038;p=1008"},"modified":"2023-12-21T13:05:34","modified_gmt":"2023-12-21T13:05:34","slug":"cartel-fine-art-print-quien-lo-impide-evento-del-20-junio","status":"publish","type":"product","link":"http:\/\/www.losilusosfilms.com\/fr\/producto\/cartel-fine-art-print-quien-lo-impide-evento-del-20-junio\/","title":{"rendered":"Colecci\u00f3n de Fine Art Prints &#8211; Qui\u00e9n lo impide, 20 Junio"},"content":{"rendered":"<p>Esta colecci\u00f3n s\u00f3lo est\u00e1 disponible como pack completo y en el tama\u00f1o 25&#215;35 cms.<\/p>\n<p>Ediciones bajo pedido en papeles Fine Art con tintas Epson UltraChrome HDX, con la garant\u00eda de durabilidad de hasta 100 a\u00f1os, dependiendo de las condiciones de exposici\u00f3n, probada por los institutos independientes Wilhelm y LNE.<\/p>\n<p>&nbsp;<\/p>\n<p><strong>* Nota del tipo de papel<\/strong><\/p>\n<p><strong>Epson Watercolor Radiant White 190 gms. <\/strong><a href=\"http:\/\/www.losilusosfilms.com\/wp-content\/uploads\/2023\/08\/Watercolor_web.jpg\" data-fancybox=\"\">Ver papel<\/a><br \/>\nPapel homologado Digigraphie \u00a9<br \/>\nBase blanca natural.<br \/>\nSuperficie texturizada mate. (96 % de opacidad)<br \/>\nSu superficie blanca radiante ofrece posibilidades de trabajo con detalle fotogr\u00e1fico y muy buena saturaci\u00f3n. Su ligera textura tambi\u00e9n da la posibilidad de reproducir trabajos art\u00edsticos en acuarela, \u00f3leo y acr\u00edlico. Peso de 190 gms.<br \/>\nEl revestimiento ofrece un buen nivel de resistencia al agua.<br \/>\nImpreso con tintas UltraChrome HDX resultan copias de una alt\u00edsima permanencia y estabilidad.<\/p>\n<p><strong>Hahnem\u00fchle Matt Fibre 200 gms. <\/strong><a href=\"http:\/\/www.losilusosfilms.com\/wp-content\/uploads\/2023\/08\/hahmattfibre_4_web.jpg\" data-fancybox=\"\">Ver papel<\/a><br \/>\nBase c\u00e1lida.<br \/>\nSuperficie lisa mate. (90 % de opacidad aprox.) Libre de \u00e1cido.<br \/>\nSu superficie lisa ofrece posibilidades de trabajo con detalle fotogr\u00e1fico y muy buena saturaci\u00f3n y densidad m\u00e1xima, Tambi\u00e9n da la posibilidad de reproducir trabajos art\u00edsticos en acuarela, \u00f3leo y acr\u00edlico.<br \/>\nEl revestimiento ofrece un buen nivel de resistencia al agua.<br \/>\nImpreso con tintas UltraChrome HDX resultan copias de una alta permanencia y estabilidad.<\/p>\n","protected":false},"excerpt":{"rendered":"<p>Colecci\u00f3n 4 uds &#8211; 25&#215;35 cms<br \/>\nEdici\u00f3n especial de la carteler\u00eda dise\u00f1ada para el evento <strong><em>Qui\u00e9n lo impide, 20 de Junio<\/em><\/strong>.<br \/>\nEst\u00e1n dise\u00f1ados por Laura Renau.<\/p>\n","protected":false},"featured_media":1552,"comment_status":"closed","ping_status":"closed","template":"","meta":{"_acf_changed":false,"inline_featured_image":false},"product_brand":[],"product_cat":[57],"product_tag":[],"class_list":{"0":"post-1008","1":"product","2":"type-product","3":"status-publish","4":"has-post-thumbnail","6":"product_cat-carteles","8":"first","9":"instock","10":"taxable","11":"shipping-taxable","12":"purchasable","13":"product-type-variable"},"acf":[],"yoast_head":"<!-- This site is optimized with the Yoast SEO plugin v27.3 - https:\/\/yoast.com\/product\/yoast-seo-wordpress\/ -->\n<title>Colecci\u00f3n de Fine Art Prints - Qui\u00e9n lo impide, 20 Junio - Ilusos Films<\/title>\n<meta name=\"robots\" content=\"index, follow, max-snippet:-1, max-image-preview:large, max-video-preview:-1\" \/>\n<link rel=\"canonical\" href=\"https:\/\/www.losilusosfilms.com\/producto\/cartel-fine-art-print-quien-lo-impide-evento-del-20-junio\/\" \/>\n<meta property=\"og:locale\" content=\"fr_FR\" \/>\n<meta property=\"og:type\" content=\"article\" \/>\n<meta property=\"og:title\" content=\"Colecci\u00f3n de Fine Art Prints - Qui\u00e9n lo impide, 20 Junio - Ilusos Films\" \/>\n<meta property=\"og:description\" content=\"Colecci\u00f3n 4 uds - 25x35 cms Edici\u00f3n especial de la carteler\u00eda dise\u00f1ada para el evento Qui\u00e9n lo impide, 20 de Junio. Est\u00e1n dise\u00f1ados por Laura Renau.\" \/>\n<meta property=\"og:url\" content=\"https:\/\/www.losilusosfilms.com\/producto\/cartel-fine-art-print-quien-lo-impide-evento-del-20-junio\/\" \/>\n<meta property=\"og:site_name\" content=\"Ilusos Films\" \/>\n<meta property=\"article:publisher\" content=\"https:\/\/www.facebook.com\/Losilusos\/\" \/>\n<meta property=\"article:modified_time\" content=\"2023-12-21T13:05:34+00:00\" \/>\n<meta property=\"og:image\" content=\"https:\/\/www.losilusosfilms.com\/wp-content\/uploads\/2023\/08\/QLI_20J_coleccion_01B-scaled.jpg\" \/>\n\t<meta property=\"og:image:width\" content=\"1792\" \/>\n\t<meta property=\"og:image:height\" content=\"2560\" \/>\n\t<meta property=\"og:image:type\" content=\"image\/jpeg\" \/>\n<meta name=\"twitter:card\" content=\"summary_large_image\" \/>\n<meta name=\"twitter:site\" content=\"@losilusosfilms\" \/>\n<meta name=\"twitter:label1\" content=\"Dur\u00e9e de lecture estim\u00e9e\" \/>\n\t<meta name=\"twitter:data1\" content=\"1 minute\" \/>\n<script type=\"application\/ld+json\" class=\"yoast-schema-graph\">{\"@context\":\"https:\\\/\\\/schema.org\",\"@graph\":[{\"@type\":\"WebPage\",\"@id\":\"https:\\\/\\\/www.losilusosfilms.com\\\/producto\\\/cartel-fine-art-print-quien-lo-impide-evento-del-20-junio\\\/\",\"url\":\"https:\\\/\\\/www.losilusosfilms.com\\\/producto\\\/cartel-fine-art-print-quien-lo-impide-evento-del-20-junio\\\/\",\"name\":\"Colecci\u00f3n de Fine Art Prints - Qui\u00e9n lo impide, 20 Junio - Ilusos Films\",\"isPartOf\":{\"@id\":\"http:\\\/\\\/www.losilusosfilms.com\\\/en\\\/#website\"},\"primaryImageOfPage\":{\"@id\":\"https:\\\/\\\/www.losilusosfilms.com\\\/producto\\\/cartel-fine-art-print-quien-lo-impide-evento-del-20-junio\\\/#primaryimage\"},\"image\":{\"@id\":\"https:\\\/\\\/www.losilusosfilms.com\\\/producto\\\/cartel-fine-art-print-quien-lo-impide-evento-del-20-junio\\\/#primaryimage\"},\"thumbnailUrl\":\"http:\\\/\\\/www.losilusosfilms.com\\\/wp-content\\\/uploads\\\/2023\\\/08\\\/QLI_20J_coleccion_01B-scaled.jpg\",\"datePublished\":\"2023-07-19T09:37:47+00:00\",\"dateModified\":\"2023-12-21T13:05:34+00:00\",\"breadcrumb\":{\"@id\":\"https:\\\/\\\/www.losilusosfilms.com\\\/producto\\\/cartel-fine-art-print-quien-lo-impide-evento-del-20-junio\\\/#breadcrumb\"},\"inLanguage\":\"fr-FR\",\"potentialAction\":[{\"@type\":\"ReadAction\",\"target\":[\"https:\\\/\\\/www.losilusosfilms.com\\\/producto\\\/cartel-fine-art-print-quien-lo-impide-evento-del-20-junio\\\/\"]}]},{\"@type\":\"ImageObject\",\"inLanguage\":\"fr-FR\",\"@id\":\"https:\\\/\\\/www.losilusosfilms.com\\\/producto\\\/cartel-fine-art-print-quien-lo-impide-evento-del-20-junio\\\/#primaryimage\",\"url\":\"http:\\\/\\\/www.losilusosfilms.com\\\/wp-content\\\/uploads\\\/2023\\\/08\\\/QLI_20J_coleccion_01B-scaled.jpg\",\"contentUrl\":\"http:\\\/\\\/www.losilusosfilms.com\\\/wp-content\\\/uploads\\\/2023\\\/08\\\/QLI_20J_coleccion_01B-scaled.jpg\",\"width\":1792,\"height\":2560},{\"@type\":\"BreadcrumbList\",\"@id\":\"https:\\\/\\\/www.losilusosfilms.com\\\/producto\\\/cartel-fine-art-print-quien-lo-impide-evento-del-20-junio\\\/#breadcrumb\",\"itemListElement\":[{\"@type\":\"ListItem\",\"position\":1,\"name\":\"Portada\",\"item\":\"http:\\\/\\\/www.losilusosfilms.com\\\/fr\\\/\"},{\"@type\":\"ListItem\",\"position\":2,\"name\":\"Boutique\",\"item\":\"http:\\\/\\\/www.losilusosfilms.com\\\/fr\\\/boutique\\\/\"},{\"@type\":\"ListItem\",\"position\":3,\"name\":\"Colecci\u00f3n de Fine Art Prints &#8211; Qui\u00e9n lo impide, 20 Junio\"}]},{\"@type\":\"WebSite\",\"@id\":\"http:\\\/\\\/www.losilusosfilms.com\\\/en\\\/#website\",\"url\":\"http:\\\/\\\/www.losilusosfilms.com\\\/en\\\/\",\"name\":\"Los Ilusos Films\",\"description\":\"\",\"publisher\":{\"@id\":\"http:\\\/\\\/www.losilusosfilms.com\\\/en\\\/#organization\"},\"potentialAction\":[{\"@type\":\"SearchAction\",\"target\":{\"@type\":\"EntryPoint\",\"urlTemplate\":\"http:\\\/\\\/www.losilusosfilms.com\\\/en\\\/?s={search_term_string}\"},\"query-input\":{\"@type\":\"PropertyValueSpecification\",\"valueRequired\":true,\"valueName\":\"search_term_string\"}}],\"inLanguage\":\"fr-FR\"},{\"@type\":\"Organization\",\"@id\":\"http:\\\/\\\/www.losilusosfilms.com\\\/en\\\/#organization\",\"name\":\"Los Ilusos Films\",\"url\":\"http:\\\/\\\/www.losilusosfilms.com\\\/en\\\/\",\"logo\":{\"@type\":\"ImageObject\",\"inLanguage\":\"fr-FR\",\"@id\":\"http:\\\/\\\/www.losilusosfilms.com\\\/en\\\/#\\\/schema\\\/logo\\\/image\\\/\",\"url\":\"https:\\\/\\\/www.losilusosfilms.com\\\/wp-content\\\/uploads\\\/2023\\\/07\\\/los-ilusos-films-footer-e1703070925921.png\",\"contentUrl\":\"https:\\\/\\\/www.losilusosfilms.com\\\/wp-content\\\/uploads\\\/2023\\\/07\\\/los-ilusos-films-footer-e1703070925921.png\",\"width\":300,\"height\":150,\"caption\":\"Los Ilusos Films\"},\"image\":{\"@id\":\"http:\\\/\\\/www.losilusosfilms.com\\\/en\\\/#\\\/schema\\\/logo\\\/image\\\/\"},\"sameAs\":[\"https:\\\/\\\/www.facebook.com\\\/Losilusos\\\/\",\"https:\\\/\\\/x.com\\\/losilusosfilms\",\"https:\\\/\\\/www.instagram.com\\\/losilusosfilms\\\/\"]}]}<\/script>\n<!-- \/ Yoast SEO plugin. -->","yoast_head_json":{"title":"Colecci\u00f3n de Fine Art Prints - Qui\u00e9n lo impide, 20 Junio - Ilusos Films","robots":{"index":"index","follow":"follow","max-snippet":"max-snippet:-1","max-image-preview":"max-image-preview:large","max-video-preview":"max-video-preview:-1"},"canonical":"https:\/\/www.losilusosfilms.com\/producto\/cartel-fine-art-print-quien-lo-impide-evento-del-20-junio\/","og_locale":"fr_FR","og_type":"article","og_title":"Colecci\u00f3n de Fine Art Prints - Qui\u00e9n lo impide, 20 Junio - Ilusos Films","og_description":"Colecci\u00f3n 4 uds - 25x35 cms Edici\u00f3n especial de la carteler\u00eda dise\u00f1ada para el evento Qui\u00e9n lo impide, 20 de Junio. Est\u00e1n dise\u00f1ados por Laura Renau.","og_url":"https:\/\/www.losilusosfilms.com\/producto\/cartel-fine-art-print-quien-lo-impide-evento-del-20-junio\/","og_site_name":"Ilusos Films","article_publisher":"https:\/\/www.facebook.com\/Losilusos\/","article_modified_time":"2023-12-21T13:05:34+00:00","og_image":[{"width":1792,"height":2560,"url":"https:\/\/www.losilusosfilms.com\/wp-content\/uploads\/2023\/08\/QLI_20J_coleccion_01B-scaled.jpg","type":"image\/jpeg"}],"twitter_card":"summary_large_image","twitter_site":"@losilusosfilms","twitter_misc":{"Dur\u00e9e de lecture estim\u00e9e":"1 minute"},"schema":{"@context":"https:\/\/schema.org","@graph":[{"@type":"WebPage","@id":"https:\/\/www.losilusosfilms.com\/producto\/cartel-fine-art-print-quien-lo-impide-evento-del-20-junio\/","url":"https:\/\/www.losilusosfilms.com\/producto\/cartel-fine-art-print-quien-lo-impide-evento-del-20-junio\/","name":"Colecci\u00f3n de Fine Art Prints - Qui\u00e9n lo impide, 20 Junio - Ilusos Films","isPartOf":{"@id":"http:\/\/www.losilusosfilms.com\/en\/#website"},"primaryImageOfPage":{"@id":"https:\/\/www.losilusosfilms.com\/producto\/cartel-fine-art-print-quien-lo-impide-evento-del-20-junio\/#primaryimage"},"image":{"@id":"https:\/\/www.losilusosfilms.com\/producto\/cartel-fine-art-print-quien-lo-impide-evento-del-20-junio\/#primaryimage"},"thumbnailUrl":"http:\/\/www.losilusosfilms.com\/wp-content\/uploads\/2023\/08\/QLI_20J_coleccion_01B-scaled.jpg","datePublished":"2023-07-19T09:37:47+00:00","dateModified":"2023-12-21T13:05:34+00:00","breadcrumb":{"@id":"https:\/\/www.losilusosfilms.com\/producto\/cartel-fine-art-print-quien-lo-impide-evento-del-20-junio\/#breadcrumb"},"inLanguage":"fr-FR","potentialAction":[{"@type":"ReadAction","target":["https:\/\/www.losilusosfilms.com\/producto\/cartel-fine-art-print-quien-lo-impide-evento-del-20-junio\/"]}]},{"@type":"ImageObject","inLanguage":"fr-FR","@id":"https:\/\/www.losilusosfilms.com\/producto\/cartel-fine-art-print-quien-lo-impide-evento-del-20-junio\/#primaryimage","url":"http:\/\/www.losilusosfilms.com\/wp-content\/uploads\/2023\/08\/QLI_20J_coleccion_01B-scaled.jpg","contentUrl":"http:\/\/www.losilusosfilms.com\/wp-content\/uploads\/2023\/08\/QLI_20J_coleccion_01B-scaled.jpg","width":1792,"height":2560},{"@type":"BreadcrumbList","@id":"https:\/\/www.losilusosfilms.com\/producto\/cartel-fine-art-print-quien-lo-impide-evento-del-20-junio\/#breadcrumb","itemListElement":[{"@type":"ListItem","position":1,"name":"Portada","item":"http:\/\/www.losilusosfilms.com\/fr\/"},{"@type":"ListItem","position":2,"name":"Boutique","item":"http:\/\/www.losilusosfilms.com\/fr\/boutique\/"},{"@type":"ListItem","position":3,"name":"Colecci\u00f3n de Fine Art Prints &#8211; Qui\u00e9n lo impide, 20 Junio"}]},{"@type":"WebSite","@id":"http:\/\/www.losilusosfilms.com\/en\/#website","url":"http:\/\/www.losilusosfilms.com\/en\/","name":"Los Ilusos Films","description":"","publisher":{"@id":"http:\/\/www.losilusosfilms.com\/en\/#organization"},"potentialAction":[{"@type":"SearchAction","target":{"@type":"EntryPoint","urlTemplate":"http:\/\/www.losilusosfilms.com\/en\/?s={search_term_string}"},"query-input":{"@type":"PropertyValueSpecification","valueRequired":true,"valueName":"search_term_string"}}],"inLanguage":"fr-FR"},{"@type":"Organization","@id":"http:\/\/www.losilusosfilms.com\/en\/#organization","name":"Los Ilusos Films","url":"http:\/\/www.losilusosfilms.com\/en\/","logo":{"@type":"ImageObject","inLanguage":"fr-FR","@id":"http:\/\/www.losilusosfilms.com\/en\/#\/schema\/logo\/image\/","url":"https:\/\/www.losilusosfilms.com\/wp-content\/uploads\/2023\/07\/los-ilusos-films-footer-e1703070925921.png","contentUrl":"https:\/\/www.losilusosfilms.com\/wp-content\/uploads\/2023\/07\/los-ilusos-films-footer-e1703070925921.png","width":300,"height":150,"caption":"Los Ilusos Films"},"image":{"@id":"http:\/\/www.losilusosfilms.com\/en\/#\/schema\/logo\/image\/"},"sameAs":["https:\/\/www.facebook.com\/Losilusos\/","https:\/\/x.com\/losilusosfilms","https:\/\/www.instagram.com\/losilusosfilms\/"]}]}},"_links":{"self":[{"href":"http:\/\/www.losilusosfilms.com\/fr\/wp-json\/wp\/v2\/product\/1008","targetHints":{"allow":["GET"]}}],"collection":[{"href":"http:\/\/www.losilusosfilms.com\/fr\/wp-json\/wp\/v2\/product"}],"about":[{"href":"http:\/\/www.losilusosfilms.com\/fr\/wp-json\/wp\/v2\/types\/product"}],"replies":[{"embeddable":true,"href":"http:\/\/www.losilusosfilms.com\/fr\/wp-json\/wp\/v2\/comments?post=1008"}],"wp:featuredmedia":[{"embeddable":true,"href":"http:\/\/www.losilusosfilms.com\/fr\/wp-json\/wp\/v2\/media\/1552"}],"wp:attachment":[{"href":"http:\/\/www.losilusosfilms.com\/fr\/wp-json\/wp\/v2\/media?parent=1008"}],"wp:term":[{"taxonomy":"product_brand","embeddable":true,"href":"http:\/\/www.losilusosfilms.com\/fr\/wp-json\/wp\/v2\/product_brand?post=1008"},{"taxonomy":"product_cat","embeddable":true,"href":"http:\/\/www.losilusosfilms.com\/fr\/wp-json\/wp\/v2\/product_cat?post=1008"},{"taxonomy":"product_tag","embeddable":true,"href":"http:\/\/www.losilusosfilms.com\/fr\/wp-json\/wp\/v2\/product_tag?post=1008"}],"curies":[{"name":"wp","href":"https:\/\/api.w.org\/{rel}","templated":true}]}}