{"id":2501,"date":"2023-08-04T15:30:04","date_gmt":"2023-08-04T15:30:04","guid":{"rendered":"https:\/\/www.losilusosfilms.com\/?post_type=product&#038;p=2501"},"modified":"2024-05-08T17:55:28","modified_gmt":"2024-05-08T17:55:28","slug":"fine-art-print-los-exiliados-romanticos","status":"publish","type":"product","link":"http:\/\/www.losilusosfilms.com\/en\/producto\/fine-art-print-los-exiliados-romanticos\/","title":{"rendered":"Fine Art Print &#8211; Los exiliados rom\u00e1nticos"},"content":{"rendered":"<p>Editions on request on Fine Art papers with Epson UltraChrome HDX inks, with a durability guarantee of up to 100 years, depending on exhibition conditions, tested by the independent Wilhelm and LNE institutes.<\/p>\n<p>&nbsp;<\/p>\n<p><strong>* Paper type note<\/strong><\/p>\n<p><strong>Epson Watercolor Radiant White 190 gms. <\/strong><a href=\"http:\/\/www.losilusosfilms.com\/wp-content\/uploads\/2023\/08\/Watercolor_web.jpg\" data-fancybox=\"\">See the paper<\/a><br \/>\nDigigraphie \u00a9 approved paper.<br \/>\nNatural white base.<br \/>\nMatte textured surface. (96% opacity)<br \/>\nIts radiant white surface offers possibilities for working with photographic detail and very good saturation. Its light texture also gives the possibility of reproducing artistic works in watercolor, oil and acrylic. Weight of 190 gms.<br \/>\nThe coating offers a good level of water resistance.<br \/>\nPrinted with UltraChrome HDX inks, copies result in extremely high permanence and stability.<\/p>\n<p><strong>Hahnem\u00fchle Matt Fibre 200 gms. <\/strong><a href=\"http:\/\/www.losilusosfilms.com\/wp-content\/uploads\/2023\/08\/hahmattfibre_4_web.jpg\" data-fancybox=\"\">See the paper<\/a><br \/>\nWarm base.<br \/>\nSmooth matte surface. (approx. 90% opacity) Acid free.<br \/>\nIts smooth surface offers possibilities for working with photographic detail and very good saturation and maximum density. It also gives the possibility of reproducing artistic works in watercolor, oil and acrylic.<br \/>\nThe coating offers a good level of water resistance.<br \/>\nPrinted with UltraChrome HDX inks, copies of high permanence and stability result.<\/p>\n","protected":false},"excerpt":{"rendered":"<p>Official poster of <strong><em>Los exiliados rom\u00e1nticos<\/em><\/strong>. Designed by Clara Le\u00f3n.<\/p>\n","protected":false},"featured_media":1359,"comment_status":"closed","ping_status":"closed","template":"","meta":{"_acf_changed":false,"inline_featured_image":false},"product_brand":[],"product_cat":[101],"product_tag":[],"class_list":{"0":"post-2501","1":"product","2":"type-product","3":"status-publish","4":"has-post-thumbnail","6":"product_cat-posters-en","8":"first","9":"instock","10":"taxable","11":"shipping-taxable","12":"purchasable","13":"product-type-variable"},"acf":[],"yoast_head":"<!-- This site is optimized with the Yoast SEO plugin v27.3 - https:\/\/yoast.com\/product\/yoast-seo-wordpress\/ -->\n<title>Fine Art Print - Los exiliados rom\u00e1nticos - Ilusos Films<\/title>\n<meta name=\"robots\" content=\"index, follow, max-snippet:-1, max-image-preview:large, max-video-preview:-1\" \/>\n<link rel=\"canonical\" href=\"http:\/\/www.losilusosfilms.com\/en\/producto\/fine-art-print-los-exiliados-romanticos\/\" \/>\n<meta property=\"og:locale\" content=\"en_US\" \/>\n<meta property=\"og:type\" content=\"article\" \/>\n<meta property=\"og:title\" content=\"Fine Art Print - Los exiliados rom\u00e1nticos - Ilusos Films\" \/>\n<meta property=\"og:description\" content=\"Official poster of Los exiliados rom\u00e1nticos. Designed by Clara Le\u00f3n.\" \/>\n<meta property=\"og:url\" content=\"http:\/\/www.losilusosfilms.com\/en\/producto\/fine-art-print-los-exiliados-romanticos\/\" \/>\n<meta property=\"og:site_name\" content=\"Ilusos Films\" \/>\n<meta property=\"article:publisher\" content=\"https:\/\/www.facebook.com\/Losilusos\/\" \/>\n<meta property=\"article:modified_time\" content=\"2024-05-08T17:55:28+00:00\" \/>\n<meta property=\"og:image\" content=\"http:\/\/www.losilusosfilms.com\/wp-content\/uploads\/2022\/11\/LER_cartel_web.jpg\" \/>\n\t<meta property=\"og:image:width\" content=\"800\" \/>\n\t<meta property=\"og:image:height\" content=\"1143\" \/>\n\t<meta property=\"og:image:type\" content=\"image\/jpeg\" \/>\n<meta name=\"twitter:card\" content=\"summary_large_image\" \/>\n<meta name=\"twitter:site\" content=\"@losilusosfilms\" \/>\n<meta name=\"twitter:label1\" content=\"Est. reading time\" \/>\n\t<meta name=\"twitter:data1\" content=\"2 minutes\" \/>\n<script type=\"application\/ld+json\" class=\"yoast-schema-graph\">{\"@context\":\"https:\\\/\\\/schema.org\",\"@graph\":[{\"@type\":\"WebPage\",\"@id\":\"http:\\\/\\\/www.losilusosfilms.com\\\/en\\\/producto\\\/fine-art-print-los-exiliados-romanticos\\\/\",\"url\":\"http:\\\/\\\/www.losilusosfilms.com\\\/en\\\/producto\\\/fine-art-print-los-exiliados-romanticos\\\/\",\"name\":\"Fine Art Print - Los exiliados rom\u00e1nticos - Ilusos Films\",\"isPartOf\":{\"@id\":\"http:\\\/\\\/www.losilusosfilms.com\\\/en\\\/#website\"},\"primaryImageOfPage\":{\"@id\":\"http:\\\/\\\/www.losilusosfilms.com\\\/en\\\/producto\\\/fine-art-print-los-exiliados-romanticos\\\/#primaryimage\"},\"image\":{\"@id\":\"http:\\\/\\\/www.losilusosfilms.com\\\/en\\\/producto\\\/fine-art-print-los-exiliados-romanticos\\\/#primaryimage\"},\"thumbnailUrl\":\"http:\\\/\\\/www.losilusosfilms.com\\\/wp-content\\\/uploads\\\/2022\\\/11\\\/LER_cartel_web.jpg\",\"datePublished\":\"2023-08-04T15:30:04+00:00\",\"dateModified\":\"2024-05-08T17:55:28+00:00\",\"breadcrumb\":{\"@id\":\"http:\\\/\\\/www.losilusosfilms.com\\\/en\\\/producto\\\/fine-art-print-los-exiliados-romanticos\\\/#breadcrumb\"},\"inLanguage\":\"en-US\",\"potentialAction\":[{\"@type\":\"ReadAction\",\"target\":[\"http:\\\/\\\/www.losilusosfilms.com\\\/en\\\/producto\\\/fine-art-print-los-exiliados-romanticos\\\/\"]}]},{\"@type\":\"ImageObject\",\"inLanguage\":\"en-US\",\"@id\":\"http:\\\/\\\/www.losilusosfilms.com\\\/en\\\/producto\\\/fine-art-print-los-exiliados-romanticos\\\/#primaryimage\",\"url\":\"http:\\\/\\\/www.losilusosfilms.com\\\/wp-content\\\/uploads\\\/2022\\\/11\\\/LER_cartel_web.jpg\",\"contentUrl\":\"http:\\\/\\\/www.losilusosfilms.com\\\/wp-content\\\/uploads\\\/2022\\\/11\\\/LER_cartel_web.jpg\",\"width\":800,\"height\":1143},{\"@type\":\"BreadcrumbList\",\"@id\":\"http:\\\/\\\/www.losilusosfilms.com\\\/en\\\/producto\\\/fine-art-print-los-exiliados-romanticos\\\/#breadcrumb\",\"itemListElement\":[{\"@type\":\"ListItem\",\"position\":1,\"name\":\"Portada\",\"item\":\"http:\\\/\\\/www.losilusosfilms.com\\\/en\\\/\"},{\"@type\":\"ListItem\",\"position\":2,\"name\":\"Shop\",\"item\":\"http:\\\/\\\/www.losilusosfilms.com\\\/en\\\/shop\\\/\"},{\"@type\":\"ListItem\",\"position\":3,\"name\":\"Fine Art Print &#8211; Los exiliados rom\u00e1nticos\"}]},{\"@type\":\"WebSite\",\"@id\":\"http:\\\/\\\/www.losilusosfilms.com\\\/en\\\/#website\",\"url\":\"http:\\\/\\\/www.losilusosfilms.com\\\/en\\\/\",\"name\":\"Los Ilusos Films\",\"description\":\"\",\"publisher\":{\"@id\":\"http:\\\/\\\/www.losilusosfilms.com\\\/en\\\/#organization\"},\"potentialAction\":[{\"@type\":\"SearchAction\",\"target\":{\"@type\":\"EntryPoint\",\"urlTemplate\":\"http:\\\/\\\/www.losilusosfilms.com\\\/en\\\/?s={search_term_string}\"},\"query-input\":{\"@type\":\"PropertyValueSpecification\",\"valueRequired\":true,\"valueName\":\"search_term_string\"}}],\"inLanguage\":\"en-US\"},{\"@type\":\"Organization\",\"@id\":\"http:\\\/\\\/www.losilusosfilms.com\\\/en\\\/#organization\",\"name\":\"Los Ilusos Films\",\"url\":\"http:\\\/\\\/www.losilusosfilms.com\\\/en\\\/\",\"logo\":{\"@type\":\"ImageObject\",\"inLanguage\":\"en-US\",\"@id\":\"http:\\\/\\\/www.losilusosfilms.com\\\/en\\\/#\\\/schema\\\/logo\\\/image\\\/\",\"url\":\"https:\\\/\\\/www.losilusosfilms.com\\\/wp-content\\\/uploads\\\/2023\\\/07\\\/los-ilusos-films-footer-e1703070925921.png\",\"contentUrl\":\"https:\\\/\\\/www.losilusosfilms.com\\\/wp-content\\\/uploads\\\/2023\\\/07\\\/los-ilusos-films-footer-e1703070925921.png\",\"width\":300,\"height\":150,\"caption\":\"Los Ilusos Films\"},\"image\":{\"@id\":\"http:\\\/\\\/www.losilusosfilms.com\\\/en\\\/#\\\/schema\\\/logo\\\/image\\\/\"},\"sameAs\":[\"https:\\\/\\\/www.facebook.com\\\/Losilusos\\\/\",\"https:\\\/\\\/x.com\\\/losilusosfilms\",\"https:\\\/\\\/www.instagram.com\\\/losilusosfilms\\\/\"]}]}<\/script>\n<!-- \/ Yoast SEO plugin. -->","yoast_head_json":{"title":"Fine Art Print - Los exiliados rom\u00e1nticos - Ilusos Films","robots":{"index":"index","follow":"follow","max-snippet":"max-snippet:-1","max-image-preview":"max-image-preview:large","max-video-preview":"max-video-preview:-1"},"canonical":"http:\/\/www.losilusosfilms.com\/en\/producto\/fine-art-print-los-exiliados-romanticos\/","og_locale":"en_US","og_type":"article","og_title":"Fine Art Print - Los exiliados rom\u00e1nticos - Ilusos Films","og_description":"Official poster of Los exiliados rom\u00e1nticos. Designed by Clara Le\u00f3n.","og_url":"http:\/\/www.losilusosfilms.com\/en\/producto\/fine-art-print-los-exiliados-romanticos\/","og_site_name":"Ilusos Films","article_publisher":"https:\/\/www.facebook.com\/Losilusos\/","article_modified_time":"2024-05-08T17:55:28+00:00","og_image":[{"width":800,"height":1143,"url":"http:\/\/www.losilusosfilms.com\/wp-content\/uploads\/2022\/11\/LER_cartel_web.jpg","type":"image\/jpeg"}],"twitter_card":"summary_large_image","twitter_site":"@losilusosfilms","twitter_misc":{"Est. reading time":"2 minutes"},"schema":{"@context":"https:\/\/schema.org","@graph":[{"@type":"WebPage","@id":"http:\/\/www.losilusosfilms.com\/en\/producto\/fine-art-print-los-exiliados-romanticos\/","url":"http:\/\/www.losilusosfilms.com\/en\/producto\/fine-art-print-los-exiliados-romanticos\/","name":"Fine Art Print - Los exiliados rom\u00e1nticos - Ilusos Films","isPartOf":{"@id":"http:\/\/www.losilusosfilms.com\/en\/#website"},"primaryImageOfPage":{"@id":"http:\/\/www.losilusosfilms.com\/en\/producto\/fine-art-print-los-exiliados-romanticos\/#primaryimage"},"image":{"@id":"http:\/\/www.losilusosfilms.com\/en\/producto\/fine-art-print-los-exiliados-romanticos\/#primaryimage"},"thumbnailUrl":"http:\/\/www.losilusosfilms.com\/wp-content\/uploads\/2022\/11\/LER_cartel_web.jpg","datePublished":"2023-08-04T15:30:04+00:00","dateModified":"2024-05-08T17:55:28+00:00","breadcrumb":{"@id":"http:\/\/www.losilusosfilms.com\/en\/producto\/fine-art-print-los-exiliados-romanticos\/#breadcrumb"},"inLanguage":"en-US","potentialAction":[{"@type":"ReadAction","target":["http:\/\/www.losilusosfilms.com\/en\/producto\/fine-art-print-los-exiliados-romanticos\/"]}]},{"@type":"ImageObject","inLanguage":"en-US","@id":"http:\/\/www.losilusosfilms.com\/en\/producto\/fine-art-print-los-exiliados-romanticos\/#primaryimage","url":"http:\/\/www.losilusosfilms.com\/wp-content\/uploads\/2022\/11\/LER_cartel_web.jpg","contentUrl":"http:\/\/www.losilusosfilms.com\/wp-content\/uploads\/2022\/11\/LER_cartel_web.jpg","width":800,"height":1143},{"@type":"BreadcrumbList","@id":"http:\/\/www.losilusosfilms.com\/en\/producto\/fine-art-print-los-exiliados-romanticos\/#breadcrumb","itemListElement":[{"@type":"ListItem","position":1,"name":"Portada","item":"http:\/\/www.losilusosfilms.com\/en\/"},{"@type":"ListItem","position":2,"name":"Shop","item":"http:\/\/www.losilusosfilms.com\/en\/shop\/"},{"@type":"ListItem","position":3,"name":"Fine Art Print &#8211; Los exiliados rom\u00e1nticos"}]},{"@type":"WebSite","@id":"http:\/\/www.losilusosfilms.com\/en\/#website","url":"http:\/\/www.losilusosfilms.com\/en\/","name":"Los Ilusos Films","description":"","publisher":{"@id":"http:\/\/www.losilusosfilms.com\/en\/#organization"},"potentialAction":[{"@type":"SearchAction","target":{"@type":"EntryPoint","urlTemplate":"http:\/\/www.losilusosfilms.com\/en\/?s={search_term_string}"},"query-input":{"@type":"PropertyValueSpecification","valueRequired":true,"valueName":"search_term_string"}}],"inLanguage":"en-US"},{"@type":"Organization","@id":"http:\/\/www.losilusosfilms.com\/en\/#organization","name":"Los Ilusos Films","url":"http:\/\/www.losilusosfilms.com\/en\/","logo":{"@type":"ImageObject","inLanguage":"en-US","@id":"http:\/\/www.losilusosfilms.com\/en\/#\/schema\/logo\/image\/","url":"https:\/\/www.losilusosfilms.com\/wp-content\/uploads\/2023\/07\/los-ilusos-films-footer-e1703070925921.png","contentUrl":"https:\/\/www.losilusosfilms.com\/wp-content\/uploads\/2023\/07\/los-ilusos-films-footer-e1703070925921.png","width":300,"height":150,"caption":"Los Ilusos Films"},"image":{"@id":"http:\/\/www.losilusosfilms.com\/en\/#\/schema\/logo\/image\/"},"sameAs":["https:\/\/www.facebook.com\/Losilusos\/","https:\/\/x.com\/losilusosfilms","https:\/\/www.instagram.com\/losilusosfilms\/"]}]}},"_links":{"self":[{"href":"http:\/\/www.losilusosfilms.com\/en\/wp-json\/wp\/v2\/product\/2501","targetHints":{"allow":["GET"]}}],"collection":[{"href":"http:\/\/www.losilusosfilms.com\/en\/wp-json\/wp\/v2\/product"}],"about":[{"href":"http:\/\/www.losilusosfilms.com\/en\/wp-json\/wp\/v2\/types\/product"}],"replies":[{"embeddable":true,"href":"http:\/\/www.losilusosfilms.com\/en\/wp-json\/wp\/v2\/comments?post=2501"}],"wp:featuredmedia":[{"embeddable":true,"href":"http:\/\/www.losilusosfilms.com\/en\/wp-json\/wp\/v2\/media\/1359"}],"wp:attachment":[{"href":"http:\/\/www.losilusosfilms.com\/en\/wp-json\/wp\/v2\/media?parent=2501"}],"wp:term":[{"taxonomy":"product_brand","embeddable":true,"href":"http:\/\/www.losilusosfilms.com\/en\/wp-json\/wp\/v2\/product_brand?post=2501"},{"taxonomy":"product_cat","embeddable":true,"href":"http:\/\/www.losilusosfilms.com\/en\/wp-json\/wp\/v2\/product_cat?post=2501"},{"taxonomy":"product_tag","embeddable":true,"href":"http:\/\/www.losilusosfilms.com\/en\/wp-json\/wp\/v2\/product_tag?post=2501"}],"curies":[{"name":"wp","href":"https:\/\/api.w.org\/{rel}","templated":true}]}}